{"id":7409,"date":"2025-12-31T10:02:45","date_gmt":"2025-12-31T09:02:45","guid":{"rendered":"https:\/\/www.congres-perpignan.com\/pagina-de-ejemplo\/"},"modified":"2026-04-01T09:30:29","modified_gmt":"2026-04-01T07:30:29","slug":"pagina-de-ejemplo","status":"publish","type":"page","link":"https:\/\/www.congres-perpignan.com\/es\/pagina-de-ejemplo\/","title":{"rendered":"P\u00e1gina de ejemplo"},"content":{"rendered":"\n<p>Esta es una p\u00e1gina de ejemplo. Es diferente de una entrada de blog porque se queda en un solo lugar y aparece en la navegaci\u00f3n de tu sitio (en la mayor\u00eda de los temas). La mayor\u00eda de la gente empieza con una p\u00e1gina \u00abAcerca de\u00bb que les presenta a quienes visitan el sitio. Podr\u00eda parecerse a esto:   <\/p>\n\n<blockquote class=\"wp-block-quote is-layout-flow wp-block-quote-is-layout-flow\">\n\n<p>\u00a1Hola! Soy mec\u00e1nico y aspiro a ser actor, y aqu\u00ed est\u00e1 mi p\u00e1gina web. Vivo en Burdeos, tengo un perro estupendo que se llama Russell, y me encanta el vodka (adem\u00e1s de sorprenderme por la lluvia repentina durante los largos paseos por la playa al atardecer).  <\/p>\n\n<\/blockquote>\n\n<p>\u2026 O algo as\u00ed:<\/p>\n\n<blockquote class=\"wp-block-quote is-layout-flow wp-block-quote-is-layout-flow\">\n\n<p>La empresa 123 Machin Truc se cre\u00f3 en 1971 y desde entonces no ha dejado de ofrecer productos de calidad al p\u00fablico. Situado en Saint-Remy-en-Bouzemont-Saint-Genest-et-Isson, el 123 Machin Truc emplea a 2.000 personas y fabrica todo tipo de gadgets excelentes para la comunidad de Bouzemont. <\/p>\n\n<\/blockquote>\n\n<p>Como usuario nuevo de WordPress, deber\u00edas ir a <a href=\"https:\/\/www.congres-perpignan.com\/wp-admin\/\">tu panel de control<\/a> para eliminar esta p\u00e1gina y crear nuevas p\u00e1ginas para tu contenido. \u00a1Divi\u00e9rtete! <\/p>\n","protected":false},"excerpt":{"rendered":"<p>Esta es una p\u00e1gina de ejemplo. Es diferente de una entrada de blog porque se queda en un solo lugar y aparece en la navegaci\u00f3n de tu sitio (en la mayor\u00eda de los temas). La mayor\u00eda de la gente empieza con una p\u00e1gina \u00abAcerca de\u00bb que les presenta a quienes visitan el sitio. Podr\u00eda parecerse [&hellip;]<\/p>\n","protected":false},"author":1,"featured_media":0,"parent":0,"menu_order":0,"comment_status":"closed","ping_status":"open","template":"","meta":{"inline_featured_image":false,"footnotes":""},"class_list":["post-7409","page","type-page","status-publish","hentry"],"_links":{"self":[{"href":"https:\/\/www.congres-perpignan.com\/es\/wp-json\/wp\/v2\/pages\/7409","targetHints":{"allow":["GET"]}}],"collection":[{"href":"https:\/\/www.congres-perpignan.com\/es\/wp-json\/wp\/v2\/pages"}],"about":[{"href":"https:\/\/www.congres-perpignan.com\/es\/wp-json\/wp\/v2\/types\/page"}],"author":[{"embeddable":true,"href":"https:\/\/www.congres-perpignan.com\/es\/wp-json\/wp\/v2\/users\/1"}],"replies":[{"embeddable":true,"href":"https:\/\/www.congres-perpignan.com\/es\/wp-json\/wp\/v2\/comments?post=7409"}],"version-history":[{"count":2,"href":"https:\/\/www.congres-perpignan.com\/es\/wp-json\/wp\/v2\/pages\/7409\/revisions"}],"predecessor-version":[{"id":7412,"href":"https:\/\/www.congres-perpignan.com\/es\/wp-json\/wp\/v2\/pages\/7409\/revisions\/7412"}],"wp:attachment":[{"href":"https:\/\/www.congres-perpignan.com\/es\/wp-json\/wp\/v2\/media?parent=7409"}],"curies":[{"name":"wp","href":"https:\/\/api.w.org\/{rel}","templated":true}]}}