{"id":7010,"date":"2026-02-26T15:36:10","date_gmt":"2026-02-26T14:36:10","guid":{"rendered":"https:\/\/www.congres-perpignan.com\/nuestros-salones\/presentacion\/"},"modified":"2026-04-01T09:30:00","modified_gmt":"2026-04-01T07:30:00","slug":"presentacion","status":"publish","type":"page","link":"https:\/\/www.congres-perpignan.com\/es\/nuestros-salones\/presentacion\/","title":{"rendered":"Presentaci\u00f3n"},"content":{"rendered":"\t\t<div data-elementor-type=\"wp-page\" data-elementor-id=\"7010\" class=\"elementor elementor-7010 elementor-4583\" data-elementor-post-type=\"page\">\n\t\t\t\t<div class=\"elementor-element elementor-element-9512a80 e-con-full e-flex e-con e-parent\" data-id=\"9512a80\" data-element_type=\"container\" data-e-type=\"container\">\n\t\t<div class=\"elementor-element elementor-element-8bc7e87 e-con-full e-flex e-con e-child\" data-id=\"8bc7e87\" data-element_type=\"container\" data-e-type=\"container\" data-settings=\"{&quot;background_background&quot;:&quot;classic&quot;}\">\n\t\t\t\t<div class=\"elementor-element elementor-element-fc24e3c elementor-widget elementor-widget-heading\" data-id=\"fc24e3c\" data-element_type=\"widget\" data-e-type=\"widget\" data-widget_type=\"heading.default\">\n\t\t\t\t\t<h1 class=\"elementor-heading-title elementor-size-default\">Nuestros salones<\/h1>\t\t\t\t<\/div>\n\t\t\t\t<\/div>\n\t\t<div class=\"elementor-element elementor-element-3d06de2e e-con-full e-flex e-con e-child\" data-id=\"3d06de2e\" data-element_type=\"container\" data-e-type=\"container\" data-settings=\"{&quot;background_background&quot;:&quot;classic&quot;,&quot;background_motion_fx_motion_fx_mouse&quot;:&quot;yes&quot;}\">\n\t\t\t\t<div class=\"elementor-element elementor-element-368f6778 elementor-widget elementor-widget-spacer\" data-id=\"368f6778\" data-element_type=\"widget\" data-e-type=\"widget\" data-widget_type=\"spacer.default\">\n\t\t\t\t\t\t\t<div class=\"elementor-spacer\">\n\t\t\t<div class=\"elementor-spacer-inner\"><\/div>\n\t\t<\/div>\n\t\t\t\t\t\t<\/div>\n\t\t<div class=\"elementor-element elementor-element-430ff75 e-flex e-con-boxed e-con e-child\" data-id=\"430ff75\" data-element_type=\"container\" data-e-type=\"container\">\n\t\t\t\t\t<div class=\"e-con-inner\">\n\t\t\t\t<div class=\"elementor-element elementor-element-e059949 elementor-nav-menu__align-center elementor-nav-menu--dropdown-none elementor-widget elementor-widget-nav-menu\" data-id=\"e059949\" data-element_type=\"widget\" data-e-type=\"widget\" data-settings=\"{&quot;submenu_icon&quot;:{&quot;value&quot;:&quot;&lt;i aria-hidden=\\&quot;true\\&quot; class=\\&quot;\\&quot;&gt;&lt;\\\/i&gt;&quot;,&quot;library&quot;:&quot;&quot;},&quot;layout&quot;:&quot;horizontal&quot;}\" data-widget_type=\"nav-menu.default\">\n\t\t\t\t\t\t\t\t<nav aria-label=\"Menu\" class=\"elementor-nav-menu--main elementor-nav-menu__container elementor-nav-menu--layout-horizontal e--pointer-underline e--animation-fade\">\n\t\t\t\t<ul id=\"menu-1-e059949\" class=\"elementor-nav-menu\"><li class=\"menu-item menu-item-type-post_type menu-item-object-page menu-item-8056\"><a href=\"https:\/\/www.congres-perpignan.com\/es\/nuestros-salones\/presentacion\/\" class=\"elementor-item\">Presentaci\u00f3n<\/a><\/li>\n<li class=\"menu-item menu-item-type-post_type menu-item-object-page menu-item-8057\"><a href=\"https:\/\/www.congres-perpignan.com\/es\/nuestros-salones\/expositores\/\" class=\"elementor-item\">Expositores<\/a><\/li>\n<\/ul>\t\t\t<\/nav>\n\t\t\t\t\t\t<nav class=\"elementor-nav-menu--dropdown elementor-nav-menu__container\" aria-hidden=\"true\">\n\t\t\t\t<ul id=\"menu-2-e059949\" class=\"elementor-nav-menu\"><li class=\"menu-item menu-item-type-post_type menu-item-object-page menu-item-8056\"><a href=\"https:\/\/www.congres-perpignan.com\/es\/nuestros-salones\/presentacion\/\" class=\"elementor-item\" tabindex=\"-1\">Presentaci\u00f3n<\/a><\/li>\n<li class=\"menu-item menu-item-type-post_type menu-item-object-page menu-item-8057\"><a href=\"https:\/\/www.congres-perpignan.com\/es\/nuestros-salones\/expositores\/\" class=\"elementor-item\" tabindex=\"-1\">Expositores<\/a><\/li>\n<\/ul>\t\t\t<\/nav>\n\t\t\t\t\t\t<\/div>\n\t\t\t\t\t<\/div>\n\t\t\t\t<\/div>\n\t\t\t\t<div class=\"elementor-element elementor-element-4afad7 elementor-widget elementor-widget-spacer\" data-id=\"4afad7\" data-element_type=\"widget\" data-e-type=\"widget\" data-widget_type=\"spacer.default\">\n\t\t\t\t\t\t\t<div class=\"elementor-spacer\">\n\t\t\t<div class=\"elementor-spacer-inner\"><\/div>\n\t\t<\/div>\n\t\t\t\t\t\t<\/div>\n\t\t\t\t<\/div>\n\t\t<div class=\"elementor-element elementor-element-404ea1f e-con-full e-flex e-con e-child\" data-id=\"404ea1f\" data-element_type=\"container\" data-e-type=\"container\" data-settings=\"{&quot;background_background&quot;:&quot;classic&quot;}\">\n\t\t\t\t<div class=\"elementor-element elementor-element-5fa7f7dd elementor-widget elementor-widget-spacer\" data-id=\"5fa7f7dd\" data-element_type=\"widget\" data-e-type=\"widget\" data-widget_type=\"spacer.default\">\n\t\t\t\t\t\t\t<div class=\"elementor-spacer\">\n\t\t\t<div class=\"elementor-spacer-inner\"><\/div>\n\t\t<\/div>\n\t\t\t\t\t\t<\/div>\n\t\t<div class=\"elementor-element elementor-element-38373838 e-flex e-con-boxed e-con e-child\" data-id=\"38373838\" data-element_type=\"container\" data-e-type=\"container\">\n\t\t\t\t\t<div class=\"e-con-inner\">\n\t\t<div class=\"elementor-element elementor-element-37d0a518 e-con-full e-flex e-con e-child\" data-id=\"37d0a518\" data-element_type=\"container\" data-e-type=\"container\">\n\t\t\t\t<div class=\"elementor-element elementor-element-5d65e40f elementor-widget elementor-widget-heading\" data-id=\"5d65e40f\" data-element_type=\"widget\" data-e-type=\"widget\" data-widget_type=\"heading.default\">\n\t\t\t\t\t<p class=\"elementor-heading-title elementor-size-default\">Cont\u00e1ctanos<\/p>\t\t\t\t<\/div>\n\t\t\t\t<div class=\"elementor-element elementor-element-3d77c0d2 elementor-widget elementor-widget-text-editor\" data-id=\"3d77c0d2\" data-element_type=\"widget\" data-e-type=\"widget\" data-widget_type=\"text-editor.default\">\n\t\t\t\t\t\t\t\t\t<p>Para m\u00e1s informaci\u00f3n<br>congrexpo@congres-perpignan.com<\/p>\t\t\t\t\t\t\t\t<\/div>\n\t\t\t\t<div class=\"elementor-element elementor-element-23bd150c elementor-widget elementor-widget-spacer\" data-id=\"23bd150c\" data-element_type=\"widget\" data-e-type=\"widget\" data-widget_type=\"spacer.default\">\n\t\t\t\t\t\t\t<div class=\"elementor-spacer\">\n\t\t\t<div class=\"elementor-spacer-inner\"><\/div>\n\t\t<\/div>\n\t\t\t\t\t\t<\/div>\n\t\t\t\t<div class=\"elementor-element elementor-element-4da148b1 elementor-align-right elementor-widget elementor-widget-button\" data-id=\"4da148b1\" data-element_type=\"widget\" data-e-type=\"widget\" data-widget_type=\"button.default\">\n\t\t\t\t\t\t\t\t\t\t<a class=\"elementor-button elementor-button-link elementor-size-sm\" href=\"mailto:congrexpo@congres-perpignan.com\" target=\"_blank\">\n\t\t\t\t\t\t<span class=\"elementor-button-content-wrapper\">\n\t\t\t\t\t\t\t\t\t<span class=\"elementor-button-text\">Contacto<\/span>\n\t\t\t\t\t<\/span>\n\t\t\t\t\t<\/a>\n\t\t\t\t\t\t\t\t<\/div>\n\t\t\t\t<\/div>\n\t\t<div class=\"elementor-element elementor-element-28c71315 e-con-full e-flex e-con e-child\" data-id=\"28c71315\" data-element_type=\"container\" data-e-type=\"container\">\n\t\t\t\t<div class=\"elementor-element elementor-element-3f8fb392 elementor-hidden-mobile elementor-widget elementor-widget-image\" data-id=\"3f8fb392\" data-element_type=\"widget\" data-e-type=\"widget\" data-widget_type=\"image.default\">\n\t\t\t\t\t\t\t\t\t\t\t\t\t\t\t<img fetchpriority=\"high\" decoding=\"async\" width=\"1024\" height=\"1024\" src=\"https:\/\/www.congres-perpignan.com\/wp-content\/uploads\/2025\/12\/Favicon.png\" class=\"attachment-large size-large wp-image-6327\" alt=\"\" srcset=\"https:\/\/www.congres-perpignan.com\/wp-content\/uploads\/2025\/12\/Favicon.png 1024w, https:\/\/www.congres-perpignan.com\/wp-content\/uploads\/2025\/12\/Favicon-300x300.png 300w, https:\/\/www.congres-perpignan.com\/wp-content\/uploads\/2025\/12\/Favicon-150x150.png 150w, https:\/\/www.congres-perpignan.com\/wp-content\/uploads\/2025\/12\/Favicon-768x768.png 768w\" sizes=\"(max-width: 1024px) 100vw, 1024px\" \/>\t\t\t\t\t\t\t\t\t\t\t\t\t\t\t<\/div>\n\t\t\t\t<\/div>\n\t\t\t\t\t<\/div>\n\t\t\t\t<\/div>\n\t\t\t\t<div class=\"elementor-element elementor-element-624660a3 elementor-widget elementor-widget-spacer\" data-id=\"624660a3\" data-element_type=\"widget\" data-e-type=\"widget\" data-widget_type=\"spacer.default\">\n\t\t\t\t\t\t\t<div class=\"elementor-spacer\">\n\t\t\t<div class=\"elementor-spacer-inner\"><\/div>\n\t\t<\/div>\n\t\t\t\t\t\t<\/div>\n\t\t\t\t<\/div>\n\t\t<div class=\"elementor-element elementor-element-a7ed920 e-flex e-con-boxed e-con e-child\" data-id=\"a7ed920\" data-element_type=\"container\" data-e-type=\"container\">\n\t\t\t\t\t<div class=\"e-con-inner\">\n\t\t\t\t<div class=\"elementor-element elementor-element-1fcccc8 elementor-widget elementor-widget-spacer\" data-id=\"1fcccc8\" data-element_type=\"widget\" data-e-type=\"widget\" data-widget_type=\"spacer.default\">\n\t\t\t\t\t\t\t<div class=\"elementor-spacer\">\n\t\t\t<div class=\"elementor-spacer-inner\"><\/div>\n\t\t<\/div>\n\t\t\t\t\t\t<\/div>\n\t\t\t\t\t<\/div>\n\t\t\t\t<\/div>\n\t\t<div class=\"elementor-element elementor-element-8c24f90 e-con-full e-flex e-con e-child\" data-id=\"8c24f90\" data-element_type=\"container\" data-e-type=\"container\">\n\t\t\t\t<div class=\"elementor-element elementor-element-e570b40 elementor-widget__width-initial elementor-widget elementor-widget-heading\" data-id=\"e570b40\" data-element_type=\"widget\" data-e-type=\"widget\" data-widget_type=\"heading.default\">\n\t\t\t\t\t<h1 class=\"elementor-heading-title elementor-size-default\">Nuestras 6 ferias: eventos para todos  <\/h1>\t\t\t\t<\/div>\n\t\t\t\t<div class=\"elementor-element elementor-element-6135003 elementor-widget elementor-widget-text-editor\" data-id=\"6135003\" data-element_type=\"widget\" data-e-type=\"widget\" data-widget_type=\"text-editor.default\">\n\t\t\t\t\t\t\t\t\t<p>Durante todo el a\u00f1o, imaginamos y organizamos <strong data-start=\"183\" data-end=\"217\">6 grandes ferias abiertas a todos<\/strong>, dise\u00f1adas para inspirarte, acompa\u00f1arte en tus proyectos y hacerte vivir momentos convivientes con familiares o amigos.<\/p><p><br><\/p>\n<p data-start=\"1798\" data-end=\"1913\"><strong>Eventos cercanos a ti<\/strong><\/p>\n<p data-start=\"1798\" data-end=\"1913\">Nuestros salones son, sobre todo, lugares para reuniones e intercambios. Hacemos todo lo posible para ofrecerte: <\/p>\n<ul data-start=\"1914\" data-end=\"2057\">\n<li data-start=\"1914\" data-end=\"1942\">\n<p data-start=\"1916\" data-end=\"1942\">Expositores de calidad<\/p>\n<\/li>\n<li data-start=\"1943\" data-end=\"1973\">\n<p data-start=\"1945\" data-end=\"1973\">Consejos personales<\/p>\n<\/li>\n<li data-start=\"1974\" data-end=\"2007\">\n<p data-start=\"1976\" data-end=\"2007\">Animaciones y momentos destacados<\/p>\n<\/li>\n<li data-start=\"2008\" data-end=\"2057\">\n<p data-start=\"2010\" data-end=\"2057\">Un ambiente c\u00e1lido accesible para todos<\/p>\n<\/li>\n<\/ul>\n<p data-start=\"2059\" data-end=\"2181\"><strong>Nuestro objetivo: ofrecerte eventos \u00fatiles, inspiradores y agradables, lo m\u00e1s cercanos posible a tus deseos y proyectos.<\/strong><\/p>\t\t\t\t\t\t\t\t<\/div>\n\t\t\t\t<div class=\"elementor-element elementor-element-e4de112 elementor-widget elementor-widget-spacer\" data-id=\"e4de112\" data-element_type=\"widget\" data-e-type=\"widget\" data-widget_type=\"spacer.default\">\n\t\t\t\t\t\t\t<div class=\"elementor-spacer\">\n\t\t\t<div class=\"elementor-spacer-inner\"><\/div>\n\t\t<\/div>\n\t\t\t\t\t\t<\/div>\n\t\t\t\t<\/div>\n\t\t<div class=\"elementor-element elementor-element-42de8dc e-con-full e-flex e-con e-child\" data-id=\"42de8dc\" data-element_type=\"container\" data-e-type=\"container\">\n\t\t\t\t<div class=\"elementor-element elementor-element-78bd24a elementor-widget elementor-widget-spacer\" data-id=\"78bd24a\" data-element_type=\"widget\" data-e-type=\"widget\" data-widget_type=\"spacer.default\">\n\t\t\t\t\t\t\t<div class=\"elementor-spacer\">\n\t\t\t<div class=\"elementor-spacer-inner\"><\/div>\n\t\t<\/div>\n\t\t\t\t\t\t<\/div>\n\t\t\t\t<\/div>\n\t\t\t\t<div class=\"elementor-element elementor-element-34cc0a8 elementor-widget elementor-widget-spacer\" data-id=\"34cc0a8\" data-element_type=\"widget\" data-e-type=\"widget\" data-widget_type=\"spacer.default\">\n\t\t\t\t\t\t\t<div class=\"elementor-spacer\">\n\t\t\t<div class=\"elementor-spacer-inner\"><\/div>\n\t\t<\/div>\n\t\t\t\t\t\t<\/div>\n\t\t<div class=\"elementor-element elementor-element-a00414d e-flex e-con-boxed e-con e-child\" data-id=\"a00414d\" data-element_type=\"container\" data-e-type=\"container\">\n\t\t\t\t\t<div class=\"e-con-inner\">\n\t\t\t\t<div class=\"elementor-element elementor-element-1c40797 elementor-widget elementor-widget-shortcode\" data-id=\"1c40797\" data-element_type=\"widget\" data-e-type=\"widget\" data-widget_type=\"shortcode.default\">\n\t\t\t\t\t\t\t<div class=\"elementor-shortcode\"><div class=\"mec-wrap mec-skin-list-container  \" id=\"mec_skin_1152\">\r\n\r\n    <form id=\"mec_search_form_1152\" class=\"mec-search-form mec-totalcal-box mec-dropdown-classic\" autocomplete=\"off\"><div class=\"mec-dropdown-wrap\" ><div class=\"mec-dropdown-search\"><i class=\"mec-sl-location-pin\"><\/i><select  name=' ' id='mec_sf_location_1152' class='postform'>\n\t<option value='' selected='selected'>Localizaci\u00f3n<\/option>\n<\/select>\n<\/div><div class=\"mec-dropdown-search\"><i class=\"mec-sl-tag\"><\/i><select  name=' ' id='mec_sf_tag_1152' class='postform'>\n\t<option value='' selected='selected'>Etiqueta<\/option>\n<\/select>\n<\/div><\/div><div class=\"mec-date-search\"><i class=\"mec-sl-calendar\"><\/i>\r\n                    <input class=\"mec-col-3 mec_date_picker_dynamic_format_start\" data-min=\"2026-04-29\" type=\"text\"\r\n                           id=\"mec_sf_date_start_1152\"\r\n                           name=\"sf[date_start]\"\r\n                           placeholder=\"Inicio\" title=\"Inicio\" autocomplete=\"off\">\r\n                    <input class=\"mec-col-3 mec_date_picker_dynamic_format_end\" type=\"text\"\r\n                           id=\"mec_sf_date_end_1152\"\r\n                           name=\"sf[date_end]\"\r\n                           placeholder=\"Fin\" title=\"Fin\" autocomplete=\"off\">\r\n                <\/div><div class=\"mec-text-input-search\"><i class=\"mec-sl-magnifier\"><\/i>\r\n                    <input type=\"search\" value=\"\" id=\"mec_sf_s_1152\" placeholder=\"Rechercher\" title=\"Rechercher\" \/>\r\n                <\/div><\/form>\r\n        <div class=\"mec-skin-list-events-container\" id=\"mec_skin_events_1152\">\r\n        \u00a1No hay eventos!    <\/div>\r\n    \r\n    \r\n<\/div>\r\n\n<\/div>\n\t\t\t\t\t\t<\/div>\n\t\t\t\t<div class=\"elementor-element elementor-element-8e32d60 elementor-widget elementor-widget-spacer\" data-id=\"8e32d60\" data-element_type=\"widget\" data-e-type=\"widget\" data-widget_type=\"spacer.default\">\n\t\t\t\t\t\t\t<div class=\"elementor-spacer\">\n\t\t\t<div class=\"elementor-spacer-inner\"><\/div>\n\t\t<\/div>\n\t\t\t\t\t\t<\/div>\n\t\t\t\t\t<\/div>\n\t\t\t\t<\/div>\n\t\t\t\t<\/div>\n\t\t\t\t<\/div>\n\t\t","protected":false},"excerpt":{"rendered":"<p>Nuestros salones Cont\u00e1ctanos Para m\u00e1s informaci\u00f3ncongrexpo@congres-perpignan.com Contacto Nuestras 6 ferias: eventos para todos Durante todo el a\u00f1o, imaginamos y organizamos 6 grandes ferias abiertas a todos, dise\u00f1adas para inspirarte, acompa\u00f1arte en tus proyectos y hacerte vivir momentos convivientes con familiares o amigos. Eventos cercanos a ti Nuestros salones son, sobre todo, lugares para reuniones e [&hellip;]<\/p>\n","protected":false},"author":2,"featured_media":6572,"parent":6800,"menu_order":0,"comment_status":"closed","ping_status":"closed","template":"","meta":{"inline_featured_image":false,"footnotes":""},"class_list":["post-7010","page","type-page","status-publish","has-post-thumbnail","hentry"],"_links":{"self":[{"href":"https:\/\/www.congres-perpignan.com\/es\/wp-json\/wp\/v2\/pages\/7010","targetHints":{"allow":["GET"]}}],"collection":[{"href":"https:\/\/www.congres-perpignan.com\/es\/wp-json\/wp\/v2\/pages"}],"about":[{"href":"https:\/\/www.congres-perpignan.com\/es\/wp-json\/wp\/v2\/types\/page"}],"author":[{"embeddable":true,"href":"https:\/\/www.congres-perpignan.com\/es\/wp-json\/wp\/v2\/users\/2"}],"replies":[{"embeddable":true,"href":"https:\/\/www.congres-perpignan.com\/es\/wp-json\/wp\/v2\/comments?post=7010"}],"version-history":[{"count":2,"href":"https:\/\/www.congres-perpignan.com\/es\/wp-json\/wp\/v2\/pages\/7010\/revisions"}],"predecessor-version":[{"id":7015,"href":"https:\/\/www.congres-perpignan.com\/es\/wp-json\/wp\/v2\/pages\/7010\/revisions\/7015"}],"up":[{"embeddable":true,"href":"https:\/\/www.congres-perpignan.com\/es\/wp-json\/wp\/v2\/pages\/6800"}],"wp:featuredmedia":[{"embeddable":true,"href":"https:\/\/www.congres-perpignan.com\/es\/wp-json\/wp\/v2\/media\/6572"}],"wp:attachment":[{"href":"https:\/\/www.congres-perpignan.com\/es\/wp-json\/wp\/v2\/media?parent=7010"}],"curies":[{"name":"wp","href":"https:\/\/api.w.org\/{rel}","templated":true}]}}