{"id":6965,"date":"2026-01-15T11:27:22","date_gmt":"2026-01-15T10:27:22","guid":{"rendered":"https:\/\/www.congres-perpignan.com\/aviso-legal\/"},"modified":"2026-04-01T09:29:52","modified_gmt":"2026-04-01T07:29:52","slug":"aviso-legal","status":"publish","type":"page","link":"https:\/\/www.congres-perpignan.com\/es\/aviso-legal\/","title":{"rendered":"Aviso legal"},"content":{"rendered":"\t\t<div data-elementor-type=\"wp-page\" data-elementor-id=\"6965\" class=\"elementor elementor-6965 elementor-1271\" data-elementor-post-type=\"page\">\n\t\t\t\t<div class=\"elementor-element elementor-element-8574fef e-flex e-con-boxed e-con e-parent\" data-id=\"8574fef\" data-element_type=\"container\" data-e-type=\"container\">\n\t\t\t\t\t<div class=\"e-con-inner\">\n\t\t\t\t<div class=\"elementor-element elementor-element-60cc0ed elementor-widget elementor-widget-spacer\" data-id=\"60cc0ed\" data-element_type=\"widget\" data-e-type=\"widget\" data-widget_type=\"spacer.default\">\n\t\t\t\t\t\t\t<div class=\"elementor-spacer\">\n\t\t\t<div class=\"elementor-spacer-inner\"><\/div>\n\t\t<\/div>\n\t\t\t\t\t\t<\/div>\n\t\t\t\t<div class=\"elementor-element elementor-element-ddfef46 elementor-widget elementor-widget-heading\" data-id=\"ddfef46\" data-element_type=\"widget\" data-e-type=\"widget\" data-widget_type=\"heading.default\">\n\t\t\t\t\t<h1 class=\"elementor-heading-title elementor-size-default\">Aviso legal<\/h1>\t\t\t\t<\/div>\n\t\t\t\t<div class=\"elementor-element elementor-element-1d7cf78 elementor-widget elementor-widget-spacer\" data-id=\"1d7cf78\" data-element_type=\"widget\" data-e-type=\"widget\" data-widget_type=\"spacer.default\">\n\t\t\t\t\t\t\t<div class=\"elementor-spacer\">\n\t\t\t<div class=\"elementor-spacer-inner\"><\/div>\n\t\t<\/div>\n\t\t\t\t\t\t<\/div>\n\t\t\t\t<div class=\"elementor-element elementor-element-89801f8 elementor-widget elementor-widget-text-editor\" data-id=\"89801f8\" data-element_type=\"widget\" data-e-type=\"widget\" data-widget_type=\"text-editor.default\">\n\t\t\t\t\t\t\t\t\t<p><span style=\"font-weight: 400;\">Por favor, lea detenidamente los diferentes t\u00e9rminos y condiciones de uso de este sitio antes de navegar por sus p\u00e1ginas. Al acceder a este sitio, aceptas sin reservas estos t\u00e9rminos y condiciones. Asimismo, de acuerdo con el art\u00edculo n\u00ba 6 de la Ley n\u00ba 2004-575 de 21 de junio de 2004 sobre confianza en la econom\u00eda digital, las personas responsables de este sitio <span style=\"color: #ff0000;\">web www.<\/span><\/span><span style=\"font-weight: 400; color: #ff0000;\"><span style=\"font-weight: 400;\"><span style=\"color: #ff0000;\">XXX.fr<\/span> son:<\/span><\/span><\/p><h2> <\/h2><h2><span style=\"font-weight: 400;\">Editor del sitio web:<\/span><\/h2><p><span style=\"font-weight: 400;\">_________________ N\u00famero SIRET: _________________ Director editorial: ____________, direcci\u00f3n: ___________________________________ Tel\u00e9fono: _____________ &#8211; Fax: ____________ Correo electr\u00f3nico: ________________________, P\u00e1gina web: <span style=\"color: #ff0000;\">www.<\/span><\/span><span style=\"color: #ff0000;\"><span style=\"font-weight: 400;\">XXX.fr<\/span><span style=\"font-weight: 400;\"><\/span><\/span><\/p><h2> <\/h2><h2><span style=\"font-weight: 400;\">Alojamiento:<\/span><\/h2><p><span style=\"font-weight: 400;\"><strong>Presentador:<\/strong> Consejos h\u00edbridos para construir velero Espadon 1 bd. Sitio web de Kennedy 66100 Perpi\u00f1\u00e1n: <a href=\"https:\/\/www.hybride-conseil.fr\" target=\"_blank\" rel=\"noopener\">www.hybride-conseil.fr<\/a> <\/span><\/p><h2> <\/h2><h2><span style=\"font-weight: 400;\">Desarrollo:<\/span><\/h2><p><span style=\"font-weight: 400;\">Hybride Conseil, Direcci\u00f3n: Espadon Voilier edificio 1 bd. Sitio web de Kennedy 66100 Perpi\u00f1\u00e1n: <a href=\"https:\/\/www.hybride-conseil.fr\" target=\"_blank\" rel=\"noopener\">www.hybride-conseil.fr<\/a> <\/span><\/p><h2> <\/h2><h2><span style=\"font-weight: 400;\">T\u00e9rminos de uso:<\/span><\/h2><p><span style=\"font-weight: 400;\">Este sitio (<span style=\"color: #ff0000;\">www.<\/span><\/span><span style=\"font-weight: 400; color: #ff0000;\"><span style=\"font-weight: 400;\"><span style=\"color: #ff0000;\">XXX.fr<\/span>) se ofrece en diferentes lenguajes web (HTML, HTML5, Javascript, CSS, etc.) para una mayor comodidad de uso y gr\u00e1ficos m\u00e1s agradables; recomendamos que utilices navegadores modernos como Edge, Safari, Firefox, Google Chrome, etc. El aviso legal se gener\u00f3 en el generador de avisos legales, ofrecido por DeeZigne. <\/span><span style=\"font-weight: 400; color: #ff0000;\">XXX<\/span><span style=\"font-weight: 400;\"> implementa todos los medios a su disposici\u00f3n para garantizar informaci\u00f3n fiable y una actualizaci\u00f3n fiable de su sitio web. Sin embargo, pueden producirse errores u omisiones. Por tanto, el usuario de Internet debe garantizar la exactitud de la informaci\u00f3n e informar de cualquier cambio en el sitio que considere \u00fatil. <\/span><span style=\"font-weight: 400; color: #ff0000;\">XXX<\/span><span style=\"font-weight: 400;\"> no se hace responsable en absoluto del uso de esta informaci\u00f3n, ni de cualquier da\u00f1o directo o indirecto que pueda derivar de ella. <\/span><\/span> <\/p><p><span style=\"font-weight: 400;\"><strong>Galletas:<\/strong> La <span style=\"color: #ff0000;\">p\u00e1gina web www.<\/span><\/span><span style=\"font-weight: 400; color: #ff0000;\"><span style=\"font-weight: 400;\"><span style=\"color: #ff0000;\">XXX.fr<\/span> puede pedirte que aceptes cookies con fines estad\u00edsticos y de visualizaci\u00f3n. Una cookie es una informaci\u00f3n que coloca en tu disco duro el servidor del sitio que visitas. Contiene varios datos almacenados en tu ordenador en un simple archivo de texto al que accede un servidor para leer y guardar informaci\u00f3n. Algunas partes de este sitio web no pueden funcionar sin la aceptaci\u00f3n de cookies. <\/span><\/span> <\/p><p><span style=\"font-weight: 400;\"><strong>Enlaces de hipertexto:<\/strong> El  <\/span><span style=\"font-weight: 400; color: #ff0000;\">XXX<\/span><span style=\"font-weight: 400;\"> puede proporcionar enlaces a otros sitios web u otros recursos disponibles en Internet. <\/span><span style=\"font-weight: 400; color: #ff0000;\">XXX<\/span><span style=\"font-weight: 400;\"> no tiene forma de controlar los sitios conectados a su sitio web. <\/span><span style=\"font-weight: 400; color: #ff0000;\">XXX<\/span><span style=\"font-weight: 400;\"> no se hace responsable de la disponibilidad de dichos sitios y fuentes externas, ni lo garantiza. No puede ser responsable de ning\u00fan da\u00f1o de ning\u00fan tipo derivado del contenido de estos sitios o fuentes externas, y en particular de la informaci\u00f3n, productos o servicios que ofrecen, ni de cualquier uso que pueda hacerse de estos elementos. Los riesgos asociados a este uso son enteramente responsabilidad del usuario de Internet, quien debe cumplir con sus t\u00e9rminos de uso. Los usuarios, suscriptores y visitantes de los sitios web no pueden crear un hiperv\u00ednculo a este sitio sin la autorizaci\u00f3n previa expresa de <\/span> <span style=\"font-weight: 400; color: #ff0000;\">XXX.<\/span><span style=\"font-weight: 400;\"> En caso de que un usuario o visitante desee crear un enlace al <\/span> <span style=\"font-weight: 400; color: #ff0000;\">sitio XXX<\/span><span style=\"font-weight: 400;\">, ser\u00e1 su responsabilidad enviar un correo electr\u00f3nico disponible en el sitio para solicitar establecer un enlace. <\/span><span style=\"font-weight: 400; color: #ff0000;\">XXX<\/span><span style=\"font-weight: 400;\"> se reserva el derecho de aceptar o rechazar un hiperv\u00ednculo sin tener que justificar su decisi\u00f3n.<\/span>  <\/p><h2> <\/h2><h2><span style=\"font-weight: 400;\">Servicios prestados:<\/span><\/h2><p><span style=\"font-weight: 400;\">Toda la informaci\u00f3n <\/span><span style=\"font-weight: 400; color: #ff0000;\"> de XXX <span style=\"font-weight: 400;\"> , as\u00ed como su informaci\u00f3n, se presenta en nuestra p\u00e1gina <span style=\"color: #ff0000;\">web www.<\/span><\/span><span style=\"font-weight: 400; color: #ff0000;\"><span style=\"font-weight: 400;\"><span style=\"color: #ff0000;\">XXX.fr<\/span>.<\/span><\/span><\/span><\/p><p><span style=\"font-weight: 400; color: #ff0000;\">XXX<\/span><span style=\"font-weight: 400;\"> se esfuerza por ofrecer en la <span style=\"color: #ff0000;\">web www.<\/span><\/span><span style=\"font-weight: 400; color: #ff0000;\"><span style=\"font-weight: 400;\"><span style=\"color: #ff0000;\">XXX.fr<\/span> informaci\u00f3n lo m\u00e1s precisa posible. La informaci\u00f3n en la web <span style=\"color: #ff0000;\">www.<\/span><\/span><span style=\"font-weight: 400; color: #ff0000;\"><span style=\"font-weight: 400;\"><span style=\"color: #ff0000;\">XXX.fr<\/span> no son exhaustivas y las fotos no son contractuales. Est\u00e1n sujetos a cambios que se han realizado desde que se pusieron en l\u00ednea. Adem\u00e1s, toda la informaci\u00f3n indicada en la web <span style=\"color: #ff0000;\">www.<\/span><\/span><span style=\"font-weight: 400; color: #ff0000;\"><span style=\"font-weight: 400;\"><span style=\"color: #ff0000;\">XXX.fr<\/span> se otorgan \u00fanicamente con fines informativos y est\u00e1n sujetos a cambios o evoluciones sin previo aviso.<\/span><\/span><\/span><\/span><\/p><h2> <\/h2><h2><span style=\"font-weight: 400;\">Limitaciones contractuales sobre los datos:<\/span><\/h2><p><span style=\"font-weight: 400;\">La informaci\u00f3n contenida en este sitio es lo m\u00e1s precisa posible y el sitio se actualiza en diferentes \u00e9pocas del a\u00f1o, aunque puede contener inexactitudes u omisiones. Si notas un hueco, error o lo que parece ser un fallo, por favor rep\u00f3rtalo por correo electr\u00f3nico a la direcci\u00f3n ______________________, describiendo el problema con la mayor precisi\u00f3n posible (p\u00e1gina que causa el problema, tipo de ordenador y navegador utilizado, &#8230;). Cualquier contenido descargado se realiza bajo la responsabilidad del usuario y bajo su exclusiva responsabilidad. Por lo tanto, no se le puede responsabilizar de ning\u00fan da\u00f1o sufrido por el ordenador del usuario ni de ninguna p\u00e9rdida de datos tras la descarga. Adem\u00e1s, el usuario del sitio web se compromete a acceder al sitio utilizando equipos recientes, que no contienen virus y con un navegador de \u00faltima generaci\u00f3n actualizado. Los enlaces de hipertexto establecidos dentro del marco de este sitio web a otros recursos presentes en la red de Internet no pueden asumir la responsabilidad de       <\/span><span style=\"font-weight: 400; color: #ff0000;\">XXX<\/span><span style=\"font-weight: 400;\">.<\/span><\/p><h2> <\/h2><h2><span style=\"font-weight: 400;\">Propiedad intelectual:<\/span><\/h2><p><span style=\"font-weight: 400;\">Todo el contenido de este documento en la web <span style=\"color: #ff0000;\">www.<\/span><\/span><span style=\"font-weight: 400;\"><span style=\"color: #ff0000;\">XXX.fr<\/span>, incluyendo, pero no limitado a, gr\u00e1ficos, im\u00e1genes, textos, v\u00eddeos, animaciones, sonidos, logotipos, gifs e iconos, as\u00ed como su formato, son propiedad exclusiva de <\/span><span style=\"font-weight: 400; color: #ff0000;\">XXX<\/span><span style=\"font-weight: 400; color: #ff0000;\"><span style=\"font-weight: 400;\">, salvo por marcas registradas, logotipos o contenido perteneciente a organizaciones, empresas o autores asociados. Cualquier reproducci\u00f3n, distribuci\u00f3n, modificaci\u00f3n, adaptaci\u00f3n, retransmisi\u00f3n o publicaci\u00f3n, aunque sea parcial, de estos diversos elementos est\u00e1 estrictamente prohibida sin el consentimiento expreso por escrito de <\/span><span style=\"font-weight: 400; color: #ff0000;\">XXX.<\/span><span style=\"font-weight: 400;\"> Esta representaci\u00f3n o reproducci\u00f3n, por cualquier proceso, constituye una infracci\u00f3n castigada por los art\u00edculos L.3335-2 y siguientes del C\u00f3digo de Propiedad Intelectual. El incumplimiento de esta prohibici\u00f3n constituye una infracci\u00f3n que puede conllevar la responsabilidad civil y penal del falsificador. Adem\u00e1s, los propietarios del contenido Copycat pueden emprender acciones legales contra ti.<\/span><\/span><\/p><h2> <\/h2><h2><span style=\"font-weight: 400;\">Declaraci\u00f3n a la CNIL:<\/span><\/h2><p><span style=\"font-weight: 400;\">De conformidad con la Ley 78-17 de 6 de enero de 1978 (modificada por la Ley 2004-801 de 6 de agosto de 2004 sobre la protecci\u00f3n de las personas en relaci\u00f3n con el tratamiento de datos personales) relativa a las tecnolog\u00edas de la informaci\u00f3n, archivos y libertades, este sitio no ha sido declarado a la Comisi\u00f3n Nacional de Inform\u00e1tica y Libertades (www.cnil.fr).<\/span><\/p><h2> <\/h2><h2><span style=\"font-weight: 400;\">Disputas:<\/span><\/h2><p><span style=\"font-weight: 400;\">Estos t\u00e9rminos y condiciones de www<span style=\"color: #ff0000;\">.<\/span><\/span><span style=\"font-weight: 400; color: #ff0000;\"><span style=\"font-weight: 400;\"><span style=\"color: #ff0000;\">XXX.fr<\/span> est\u00e1n reguladas por la legislaci\u00f3n francesa y cualquier disputa o disputa que pueda surgir de la interpretaci\u00f3n o ejecuci\u00f3n de estas estar\u00e1 bajo la jurisdicci\u00f3n exclusiva de los tribunales de los que depende la sede social de la sociedad. El idioma de referencia para la resoluci\u00f3n de cualquier disputa es el franc\u00e9s.<\/span><\/span><\/p><h2> <\/h2><h2><span style=\"font-weight: 400;\">Datos personales:<\/span><\/h2><p><span style=\"font-weight: 400;\">En general, no est\u00e1s obligado a proporcionarnos tus datos personales cuando visitas nuestra p\u00e1gina <span style=\"color: #ff0000;\">web www.<\/span><\/span><span style=\"font-weight: 400; color: #ff0000;\"><span style=\"font-weight: 400;\"><span style=\"color: #ff0000;\">XXX.fr<\/span>. Sin embargo, existen algunas excepciones a este principio. De hecho, para ciertos servicios que ofrece nuestro sitio, puede que se te pida que nos proporciones ciertos datos como: tu nombre, tu direcci\u00f3n de correo electr\u00f3nico y tu n\u00famero de tel\u00e9fono. Esto ocurre cuando rellenas el formulario que te ofrecen en l\u00ednea, en la secci\u00f3n de \u00abcontacto\u00bb. En cualquier caso, puedes negarte a proporcionar tus datos personales. En este caso, no podr\u00e1s utilizar los servicios del sitio, en particular el de solicitar informaci\u00f3n sobre <\/span> <span style=\"font-weight: 400; color: #ff0000;\">XXX<\/span> <span style=\"font-weight: 400;\">ni de recibir boletines. Por \u00faltimo, podemos recopilar autom\u00e1ticamente cierta informaci\u00f3n sobre ti cuando simplemente navegas por nuestra web, incluyendo: informaci\u00f3n sobre el uso de nuestro sitio, como las zonas que visitas y los servicios a los que accedes, tu direcci\u00f3n IP, tu tipo de navegador, tus tiempos de acceso. Esta informaci\u00f3n se utiliza exclusivamente con fines estad\u00edsticos internos, con el fin de mejorar la calidad de los servicios que se le ofrecen. Las bases de datos est\u00e1n protegidas por las disposiciones de la Ley de 1 de julio de 1998 que transpone la Directiva 96\/9 de 11 de marzo de 1996 sobre la protecci\u00f3n legal de las bases de datos.<\/span><\/span> <\/p>\t\t\t\t\t\t\t\t<\/div>\n\t\t\t\t<div class=\"elementor-element elementor-element-e988bb8 elementor-widget elementor-widget-spacer\" data-id=\"e988bb8\" data-element_type=\"widget\" data-e-type=\"widget\" data-widget_type=\"spacer.default\">\n\t\t\t\t\t\t\t<div class=\"elementor-spacer\">\n\t\t\t<div class=\"elementor-spacer-inner\"><\/div>\n\t\t<\/div>\n\t\t\t\t\t\t<\/div>\n\t\t\t\t\t<\/div>\n\t\t\t\t<\/div>\n\t\t\t\t<\/div>\n\t\t","protected":false},"excerpt":{"rendered":"<p>Aviso legal Por favor, lea detenidamente los diferentes t\u00e9rminos y condiciones de uso de este sitio antes de navegar por sus p\u00e1ginas. Al acceder a este sitio, aceptas sin reservas estos t\u00e9rminos y condiciones. Asimismo, de acuerdo con el art\u00edculo n\u00ba 6 de la Ley n\u00ba 2004-575 de 21 de junio de 2004 sobre confianza [&hellip;]<\/p>\n","protected":false},"author":1,"featured_media":0,"parent":0,"menu_order":0,"comment_status":"closed","ping_status":"closed","template":"","meta":{"inline_featured_image":false,"footnotes":""},"class_list":["post-6965","page","type-page","status-publish","hentry"],"_links":{"self":[{"href":"https:\/\/www.congres-perpignan.com\/es\/wp-json\/wp\/v2\/pages\/6965","targetHints":{"allow":["GET"]}}],"collection":[{"href":"https:\/\/www.congres-perpignan.com\/es\/wp-json\/wp\/v2\/pages"}],"about":[{"href":"https:\/\/www.congres-perpignan.com\/es\/wp-json\/wp\/v2\/types\/page"}],"author":[{"embeddable":true,"href":"https:\/\/www.congres-perpignan.com\/es\/wp-json\/wp\/v2\/users\/1"}],"replies":[{"embeddable":true,"href":"https:\/\/www.congres-perpignan.com\/es\/wp-json\/wp\/v2\/comments?post=6965"}],"version-history":[{"count":2,"href":"https:\/\/www.congres-perpignan.com\/es\/wp-json\/wp\/v2\/pages\/6965\/revisions"}],"predecessor-version":[{"id":6989,"href":"https:\/\/www.congres-perpignan.com\/es\/wp-json\/wp\/v2\/pages\/6965\/revisions\/6989"}],"wp:attachment":[{"href":"https:\/\/www.congres-perpignan.com\/es\/wp-json\/wp\/v2\/media?parent=6965"}],"curies":[{"name":"wp","href":"https:\/\/api.w.org\/{rel}","templated":true}]}}