{"id":8718,"date":"2025-12-31T10:02:45","date_gmt":"2025-12-31T09:02:45","guid":{"rendered":"https:\/\/www.congres-perpignan.com\/pagina-dexemple\/"},"modified":"2026-04-28T16:48:21","modified_gmt":"2026-04-28T14:48:21","slug":"pagina-dexemple","status":"publish","type":"page","link":"https:\/\/www.congres-perpignan.com\/ca\/pagina-dexemple\/","title":{"rendered":"P\u00e0gina d&#8217;exemple"},"content":{"rendered":"\n<p>Aquesta \u00e9s una p\u00e0gina d&#8217;exemple. \u00c9s diferent d&#8217;una entrada de blog perqu\u00e8 es mantindr\u00e0 en un lloc i apareixer\u00e0 a la navegaci\u00f3 del teu lloc (en la majoria de temes). La majoria de gent comen\u00e7a amb una p\u00e0gina &#8220;Sobre&#8221; que els presenta a les persones que visiten el lloc. Podria semblar-se a aix\u00f2:   <\/p>\n\n<blockquote class=\"wp-block-quote is-layout-flow wp-block-quote-is-layout-flow\">\n\n<p>Hola! S\u00f3c un mec\u00e0nic que aspira a ser actor, i aqu\u00ed tens el meu lloc web. Visc a Bordeus, tinc un gos fant\u00e0stic que es diu Russell, i m&#8217;encanta la vodka (a m\u00e9s de sorprendre&#8217;m per la pluja sobtada durant llargues passejades per la platja al capvespre).  <\/p>\n\n<\/blockquote>\n\n<p>\u2026 O alguna cosa aix\u00ed:<\/p>\n\n<blockquote class=\"wp-block-quote is-layout-flow wp-block-quote-is-layout-flow\">\n\n<p>L&#8217;empresa 123 Machin Truc es va crear el 1971, i des de llavors no ha deixat d&#8217;oferir productes de qualitat al p\u00fablic. Situat a Saint-Remy-en-Bouzemont-Saint-Genest-et-Isson, el 123 Machin Truc d\u00f3na feina a 2.000 persones i fabrica tot tipus d&#8217;aparells excel\u00b7lents per a la comunitat de Bouzemont. <\/p>\n\n<\/blockquote>\n\n<p>Com a nou usuari de WordPress, hauries d&#8217;anar al <a href=\"https:\/\/www.congres-perpignan.com\/wp-admin\/\">teu tauler de control<\/a> per eliminar aquesta p\u00e0gina i crear noves p\u00e0gines per al teu contingut. Que t&#8217;ho passis b\u00e9! <\/p>\n","protected":false},"excerpt":{"rendered":"<p>Aquesta \u00e9s una p\u00e0gina d&#8217;exemple. \u00c9s diferent d&#8217;una entrada de blog perqu\u00e8 es mantindr\u00e0 en un lloc i apareixer\u00e0 a la navegaci\u00f3 del teu lloc (en la majoria de temes). La majoria de gent comen\u00e7a amb una p\u00e0gina &#8220;Sobre&#8221; que els presenta a les persones que visiten el lloc. Podria semblar-se a aix\u00f2: Hola! S\u00f3c [&hellip;]<\/p>\n","protected":false},"author":1,"featured_media":0,"parent":0,"menu_order":0,"comment_status":"closed","ping_status":"open","template":"","meta":{"inline_featured_image":false,"footnotes":""},"class_list":["post-8718","page","type-page","status-publish","hentry"],"_links":{"self":[{"href":"https:\/\/www.congres-perpignan.com\/ca\/wp-json\/wp\/v2\/pages\/8718","targetHints":{"allow":["GET"]}}],"collection":[{"href":"https:\/\/www.congres-perpignan.com\/ca\/wp-json\/wp\/v2\/pages"}],"about":[{"href":"https:\/\/www.congres-perpignan.com\/ca\/wp-json\/wp\/v2\/types\/page"}],"author":[{"embeddable":true,"href":"https:\/\/www.congres-perpignan.com\/ca\/wp-json\/wp\/v2\/users\/1"}],"replies":[{"embeddable":true,"href":"https:\/\/www.congres-perpignan.com\/ca\/wp-json\/wp\/v2\/comments?post=8718"}],"version-history":[{"count":2,"href":"https:\/\/www.congres-perpignan.com\/ca\/wp-json\/wp\/v2\/pages\/8718\/revisions"}],"predecessor-version":[{"id":8722,"href":"https:\/\/www.congres-perpignan.com\/ca\/wp-json\/wp\/v2\/pages\/8718\/revisions\/8722"}],"wp:attachment":[{"href":"https:\/\/www.congres-perpignan.com\/ca\/wp-json\/wp\/v2\/media?parent=8718"}],"curies":[{"name":"wp","href":"https:\/\/api.w.org\/{rel}","templated":true}]}}