{"id":8382,"date":"2026-02-05T11:20:03","date_gmt":"2026-02-05T10:20:03","guid":{"rendered":"https:\/\/www.congres-perpignan.com\/ordre-del-dia\/"},"modified":"2026-04-24T11:17:13","modified_gmt":"2026-04-24T09:17:13","slug":"ordre-del-dia","status":"publish","type":"page","link":"https:\/\/www.congres-perpignan.com\/ca\/esglesia-dominicana\/ordre-del-dia\/","title":{"rendered":"Ordre del dia"},"content":{"rendered":"\t\t<div data-elementor-type=\"wp-page\" data-elementor-id=\"8382\" class=\"elementor elementor-8382 elementor-2650\" data-elementor-post-type=\"page\">\n\t\t\t\t<div class=\"elementor-element elementor-element-220bdce e-con-full e-flex e-con e-parent\" data-id=\"220bdce\" data-element_type=\"container\" data-e-type=\"container\">\n\t\t<div class=\"elementor-element elementor-element-6ac412e2 hc-header-page e-flex e-con-boxed e-con e-child\" data-id=\"6ac412e2\" data-element_type=\"container\" data-e-type=\"container\" data-settings=\"{&quot;background_background&quot;:&quot;classic&quot;}\">\n\t\t\t\t\t<div class=\"e-con-inner\">\n\t\t<div class=\"elementor-element elementor-element-3357c9c1 e-con-full e-flex e-con e-child\" data-id=\"3357c9c1\" data-element_type=\"container\" data-e-type=\"container\" data-settings=\"{&quot;background_background&quot;:&quot;classic&quot;}\">\n\t\t<div class=\"elementor-element elementor-element-4d2e5484 e-con-full e-flex e-con e-child\" data-id=\"4d2e5484\" data-element_type=\"container\" data-e-type=\"container\">\n\t\t\t\t<div class=\"elementor-element elementor-element-2ccb869d elementor-widget elementor-widget-heading\" data-id=\"2ccb869d\" data-element_type=\"widget\" data-e-type=\"widget\" data-widget_type=\"heading.default\">\n\t\t\t\t\t<p class=\"elementor-heading-title elementor-size-default\">Esgl\u00e9sia de la<br>Dominics<\/p>\t\t\t\t<\/div>\n\t\t\t\t<div class=\"elementor-element elementor-element-241ff373 elementor-widget elementor-widget-image\" data-id=\"241ff373\" data-element_type=\"widget\" data-e-type=\"widget\" data-widget_type=\"image.default\">\n\t\t\t\t\t\t\t\t\t\t\t\t\t\t\t<img decoding=\"async\" width=\"91\" height=\"102\" src=\"https:\/\/www.congres-perpignan.com\/wp-content\/uploads\/2026\/02\/Fichier-2.png\" class=\"attachment-large size-large wp-image-8129\" alt=\"\" \/>\t\t\t\t\t\t\t\t\t\t\t\t\t\t\t<\/div>\n\t\t\t\t<\/div>\n\t\t\t\t<\/div>\n\t\t\t\t\t<\/div>\n\t\t\t\t<\/div>\n\t\t<div class=\"elementor-element elementor-element-1af6d82a e-con-full e-flex e-con e-child\" data-id=\"1af6d82a\" data-element_type=\"container\" data-e-type=\"container\" data-settings=\"{&quot;background_background&quot;:&quot;classic&quot;}\">\n\t\t\t\t<div class=\"elementor-element elementor-element-4ad0c675 elementor-widget elementor-widget-spacer\" data-id=\"4ad0c675\" data-element_type=\"widget\" data-e-type=\"widget\" data-widget_type=\"spacer.default\">\n\t\t\t\t\t\t\t<div class=\"elementor-spacer\">\n\t\t\t<div class=\"elementor-spacer-inner\"><\/div>\n\t\t<\/div>\n\t\t\t\t\t\t<\/div>\n\t\t<div class=\"elementor-element elementor-element-56f71159 e-flex e-con-boxed e-con e-child\" data-id=\"56f71159\" data-element_type=\"container\" data-e-type=\"container\">\n\t\t\t\t\t<div class=\"e-con-inner\">\n\t\t\t\t<div class=\"elementor-element elementor-element-3efba769 elementor-nav-menu__align-center elementor-nav-menu--dropdown-none elementor-widget elementor-widget-nav-menu\" data-id=\"3efba769\" data-element_type=\"widget\" data-e-type=\"widget\" data-settings=\"{&quot;submenu_icon&quot;:{&quot;value&quot;:&quot;&lt;i aria-hidden=\\&quot;true\\&quot; class=\\&quot;\\&quot;&gt;&lt;\\\/i&gt;&quot;,&quot;library&quot;:&quot;&quot;},&quot;layout&quot;:&quot;horizontal&quot;}\" data-widget_type=\"nav-menu.default\">\n\t\t\t\t\t\t\t\t<nav aria-label=\"Menu\" class=\"elementor-nav-menu--main elementor-nav-menu__container elementor-nav-menu--layout-horizontal e--pointer-underline e--animation-fade\">\n\t\t\t\t<ul id=\"menu-1-3efba769\" class=\"elementor-nav-menu\"><li class=\"menu-item menu-item-type-post_type menu-item-object-page menu-item-8463\"><a href=\"https:\/\/www.congres-perpignan.com\/ca\/esglesia-dominicana\/presentacio\/\" class=\"elementor-item\">Presentaci\u00f3<\/a><\/li>\n<li class=\"menu-item menu-item-type-post_type menu-item-object-page menu-item-8461\"><a href=\"https:\/\/www.congres-perpignan.com\/ca\/esglesia-dominicana\/fotos-i-videos\/\" class=\"elementor-item\">Fotos i v\u00eddeos<\/a><\/li>\n<li class=\"menu-item menu-item-type-post_type menu-item-object-page menu-item-8462\"><a href=\"https:\/\/www.congres-perpignan.com\/ca\/esglesia-dominicana\/ordre-del-dia\/\" class=\"elementor-item\">Ordre del dia<\/a><\/li>\n<li class=\"menu-item menu-item-type-post_type menu-item-object-page menu-item-8460\"><a href=\"https:\/\/www.congres-perpignan.com\/ca\/esglesia-dominicana\/demana-un-pressupost\/\" class=\"elementor-item\">Demana un pressupost<\/a><\/li>\n<\/ul>\t\t\t<\/nav>\n\t\t\t\t\t\t<nav class=\"elementor-nav-menu--dropdown elementor-nav-menu__container\" aria-hidden=\"true\">\n\t\t\t\t<ul id=\"menu-2-3efba769\" class=\"elementor-nav-menu\"><li class=\"menu-item menu-item-type-post_type menu-item-object-page menu-item-8463\"><a href=\"https:\/\/www.congres-perpignan.com\/ca\/esglesia-dominicana\/presentacio\/\" class=\"elementor-item\" tabindex=\"-1\">Presentaci\u00f3<\/a><\/li>\n<li class=\"menu-item menu-item-type-post_type menu-item-object-page menu-item-8461\"><a href=\"https:\/\/www.congres-perpignan.com\/ca\/esglesia-dominicana\/fotos-i-videos\/\" class=\"elementor-item\" tabindex=\"-1\">Fotos i v\u00eddeos<\/a><\/li>\n<li class=\"menu-item menu-item-type-post_type menu-item-object-page menu-item-8462\"><a href=\"https:\/\/www.congres-perpignan.com\/ca\/esglesia-dominicana\/ordre-del-dia\/\" class=\"elementor-item\" tabindex=\"-1\">Ordre del dia<\/a><\/li>\n<li class=\"menu-item menu-item-type-post_type menu-item-object-page menu-item-8460\"><a href=\"https:\/\/www.congres-perpignan.com\/ca\/esglesia-dominicana\/demana-un-pressupost\/\" class=\"elementor-item\" tabindex=\"-1\">Demana un pressupost<\/a><\/li>\n<\/ul>\t\t\t<\/nav>\n\t\t\t\t\t\t<\/div>\n\t\t\t\t\t<\/div>\n\t\t\t\t<\/div>\n\t\t\t\t<div class=\"elementor-element elementor-element-1ebdf0af elementor-widget elementor-widget-spacer\" data-id=\"1ebdf0af\" data-element_type=\"widget\" data-e-type=\"widget\" data-widget_type=\"spacer.default\">\n\t\t\t\t\t\t\t<div class=\"elementor-spacer\">\n\t\t\t<div class=\"elementor-spacer-inner\"><\/div>\n\t\t<\/div>\n\t\t\t\t\t\t<\/div>\n\t\t\t\t<\/div>\n\t\t<div class=\"elementor-element elementor-element-227dd8f9 e-con-full e-flex e-con e-child\" data-id=\"227dd8f9\" data-element_type=\"container\" data-e-type=\"container\" data-settings=\"{&quot;background_background&quot;:&quot;classic&quot;}\">\n\t\t\t\t<div class=\"elementor-element elementor-element-f073742 elementor-widget elementor-widget-spacer\" data-id=\"f073742\" data-element_type=\"widget\" data-e-type=\"widget\" data-widget_type=\"spacer.default\">\n\t\t\t\t\t\t\t<div class=\"elementor-spacer\">\n\t\t\t<div class=\"elementor-spacer-inner\"><\/div>\n\t\t<\/div>\n\t\t\t\t\t\t<\/div>\n\t\t<div class=\"elementor-element elementor-element-44e66d27 e-flex e-con-boxed e-con e-child\" data-id=\"44e66d27\" data-element_type=\"container\" data-e-type=\"container\">\n\t\t\t\t\t<div class=\"e-con-inner\">\n\t\t<div class=\"elementor-element elementor-element-5d84b7db e-con-full e-flex e-con e-child\" data-id=\"5d84b7db\" data-element_type=\"container\" data-e-type=\"container\">\n\t\t\t\t<div class=\"elementor-element elementor-element-3457ca7 elementor-widget elementor-widget-heading\" data-id=\"3457ca7\" data-element_type=\"widget\" data-e-type=\"widget\" data-widget_type=\"heading.default\">\n\t\t\t\t\t<p class=\"elementor-heading-title elementor-size-default\">Contacta'ns<\/p>\t\t\t\t<\/div>\n\t\t\t\t<div class=\"elementor-element elementor-element-63078d6d elementor-widget elementor-widget-text-editor\" data-id=\"63078d6d\" data-element_type=\"widget\" data-e-type=\"widget\" data-widget_type=\"text-editor.default\">\n\t\t\t\t\t\t\t\t\t<p>Per a m\u00e9s informaci\u00f3<br>congrexpo@congres-perpignan.com<\/p>\t\t\t\t\t\t\t\t<\/div>\n\t\t\t\t<div class=\"elementor-element elementor-element-29c34fd4 elementor-widget elementor-widget-spacer\" data-id=\"29c34fd4\" data-element_type=\"widget\" data-e-type=\"widget\" data-widget_type=\"spacer.default\">\n\t\t\t\t\t\t\t<div class=\"elementor-spacer\">\n\t\t\t<div class=\"elementor-spacer-inner\"><\/div>\n\t\t<\/div>\n\t\t\t\t\t\t<\/div>\n\t\t\t\t<div class=\"elementor-element elementor-element-338064ad elementor-align-right elementor-widget elementor-widget-button\" data-id=\"338064ad\" data-element_type=\"widget\" data-e-type=\"widget\" data-widget_type=\"button.default\">\n\t\t\t\t\t\t\t\t\t\t<a class=\"elementor-button elementor-button-link elementor-size-sm\" href=\"mailto:congrexpo@congres-perpignan.com\" target=\"_blank\">\n\t\t\t\t\t\t<span class=\"elementor-button-content-wrapper\">\n\t\t\t\t\t\t\t\t\t<span class=\"elementor-button-text\">Contacte<\/span>\n\t\t\t\t\t<\/span>\n\t\t\t\t\t<\/a>\n\t\t\t\t\t\t\t\t<\/div>\n\t\t\t\t<\/div>\n\t\t<div class=\"elementor-element elementor-element-34d7085c e-con-full e-flex e-con e-child\" data-id=\"34d7085c\" data-element_type=\"container\" data-e-type=\"container\">\n\t\t\t\t<div class=\"elementor-element elementor-element-a15dc34 elementor-hidden-mobile elementor-widget elementor-widget-image\" data-id=\"a15dc34\" data-element_type=\"widget\" data-e-type=\"widget\" data-widget_type=\"image.default\">\n\t\t\t\t\t\t\t\t\t\t\t\t\t\t\t<img fetchpriority=\"high\" decoding=\"async\" width=\"1024\" height=\"1024\" src=\"https:\/\/www.congres-perpignan.com\/wp-content\/uploads\/2025\/12\/Favicon.png\" class=\"attachment-large size-large wp-image-8131\" alt=\"\" srcset=\"https:\/\/www.congres-perpignan.com\/wp-content\/uploads\/2025\/12\/Favicon.png 1024w, https:\/\/www.congres-perpignan.com\/wp-content\/uploads\/2025\/12\/Favicon-300x300.png 300w, https:\/\/www.congres-perpignan.com\/wp-content\/uploads\/2025\/12\/Favicon-150x150.png 150w, https:\/\/www.congres-perpignan.com\/wp-content\/uploads\/2025\/12\/Favicon-768x768.png 768w\" sizes=\"(max-width: 1024px) 100vw, 1024px\" \/>\t\t\t\t\t\t\t\t\t\t\t\t\t\t\t<\/div>\n\t\t\t\t<\/div>\n\t\t\t\t\t<\/div>\n\t\t\t\t<\/div>\n\t\t\t\t<div class=\"elementor-element elementor-element-b1942ea elementor-widget elementor-widget-spacer\" data-id=\"b1942ea\" data-element_type=\"widget\" data-e-type=\"widget\" data-widget_type=\"spacer.default\">\n\t\t\t\t\t\t\t<div class=\"elementor-spacer\">\n\t\t\t<div class=\"elementor-spacer-inner\"><\/div>\n\t\t<\/div>\n\t\t\t\t\t\t<\/div>\n\t\t\t\t<\/div>\n\t\t\t\t<div class=\"elementor-element elementor-element-890e4f6 elementor-widget elementor-widget-spacer\" data-id=\"890e4f6\" data-element_type=\"widget\" data-e-type=\"widget\" data-widget_type=\"spacer.default\">\n\t\t\t\t\t\t\t<div class=\"elementor-spacer\">\n\t\t\t<div class=\"elementor-spacer-inner\"><\/div>\n\t\t<\/div>\n\t\t\t\t\t\t<\/div>\n\t\t<div class=\"elementor-element elementor-element-51e98a3 e-flex e-con-boxed e-con e-child\" data-id=\"51e98a3\" data-element_type=\"container\" data-e-type=\"container\">\n\t\t\t\t\t<div class=\"e-con-inner\">\n\t\t\t\t<div class=\"elementor-element elementor-element-f97d099 elementor-widget elementor-widget-heading\" data-id=\"f97d099\" data-element_type=\"widget\" data-e-type=\"widget\" data-widget_type=\"heading.default\">\n\t\t\t\t\t<h1 class=\"elementor-heading-title elementor-size-default\">Ordre del dia<\/h1>\t\t\t\t<\/div>\n\t\t\t\t\t<\/div>\n\t\t\t\t<\/div>\n\t\t\t\t<div class=\"elementor-element elementor-element-800b52f elementor-widget elementor-widget-spacer\" data-id=\"800b52f\" data-element_type=\"widget\" data-e-type=\"widget\" data-widget_type=\"spacer.default\">\n\t\t\t\t\t\t\t<div class=\"elementor-spacer\">\n\t\t\t<div class=\"elementor-spacer-inner\"><\/div>\n\t\t<\/div>\n\t\t\t\t\t\t<\/div>\n\t\t<div class=\"elementor-element elementor-element-f98184e e-flex e-con-boxed e-con e-child\" data-id=\"f98184e\" data-element_type=\"container\" data-e-type=\"container\">\n\t\t\t\t\t<div class=\"e-con-inner\">\n\t\t\t\t<div class=\"elementor-element elementor-element-45ae597 elementor-widget elementor-widget-shortcode\" data-id=\"45ae597\" data-element_type=\"widget\" data-e-type=\"widget\" data-widget_type=\"shortcode.default\">\n\t\t\t\t\t\t\t<div class=\"elementor-shortcode\"><div class=\"mec-wrap mec-skin-list-container  \" id=\"mec_skin_4569\">\r\n\r\n    <form id=\"mec_search_form_4569\" class=\"mec-search-form mec-totalcal-box mec-dropdown-classic\" autocomplete=\"off\"><div class=\"mec-dropdown-wrap\" ><div class=\"mec-dropdown-search\"><i class=\"mec-sl-tag\"><\/i><select  name=' ' id='mec_sf_tag_4569' class='postform'>\n\t<option value='' selected='selected'>Etiqueta<\/option>\n<\/select>\n<\/div><\/div><div class=\"mec-date-search\"><i class=\"mec-sl-calendar\"><\/i>\r\n                    <input class=\"mec-col-3 mec_date_picker_dynamic_format_start\" data-min=\"2026-04-29\" type=\"text\"\r\n                           id=\"mec_sf_date_start_4569\"\r\n                           name=\"sf[date_start]\"\r\n                           placeholder=\"Inici\" title=\"Inici\" autocomplete=\"off\">\r\n                    <input class=\"mec-col-3 mec_date_picker_dynamic_format_end\" type=\"text\"\r\n                           id=\"mec_sf_date_end_4569\"\r\n                           name=\"sf[date_end]\"\r\n                           placeholder=\"Final\" title=\"Final\" autocomplete=\"off\">\r\n                <\/div><div class=\"mec-text-input-search\"><i class=\"mec-sl-magnifier\"><\/i>\r\n                    <input type=\"search\" value=\"\" id=\"mec_sf_s_4569\" placeholder=\"Rechercher\" title=\"Rechercher\" \/>\r\n                <\/div><\/form>\r\n        <div class=\"mec-skin-list-events-container\" id=\"mec_skin_events_4569\">\r\n        No s&#039;ha trobat cap esdeveniment!    <\/div>\r\n    \r\n    \r\n<\/div>\r\n<\/div>\n\t\t\t\t\t\t<\/div>\n\t\t\t\t<div class=\"elementor-element elementor-element-7250d47 elementor-widget elementor-widget-spacer\" data-id=\"7250d47\" data-element_type=\"widget\" data-e-type=\"widget\" data-widget_type=\"spacer.default\">\n\t\t\t\t\t\t\t<div class=\"elementor-spacer\">\n\t\t\t<div class=\"elementor-spacer-inner\"><\/div>\n\t\t<\/div>\n\t\t\t\t\t\t<\/div>\n\t\t\t\t\t<\/div>\n\t\t\t\t<\/div>\n\t\t\t\t<\/div>\n\t\t\t\t<\/div>\n\t\t","protected":false},"excerpt":{"rendered":"<p>Esgl\u00e9sia de laDominics Contacta&#8217;ns Per a m\u00e9s informaci\u00f3congrexpo@congres-perpignan.com Contacte<\/p>\n","protected":false},"author":2,"featured_media":8206,"parent":8403,"menu_order":0,"comment_status":"closed","ping_status":"closed","template":"","meta":{"inline_featured_image":false,"footnotes":""},"class_list":["post-8382","page","type-page","status-publish","has-post-thumbnail","hentry"],"_links":{"self":[{"href":"https:\/\/www.congres-perpignan.com\/ca\/wp-json\/wp\/v2\/pages\/8382","targetHints":{"allow":["GET"]}}],"collection":[{"href":"https:\/\/www.congres-perpignan.com\/ca\/wp-json\/wp\/v2\/pages"}],"about":[{"href":"https:\/\/www.congres-perpignan.com\/ca\/wp-json\/wp\/v2\/types\/page"}],"author":[{"embeddable":true,"href":"https:\/\/www.congres-perpignan.com\/ca\/wp-json\/wp\/v2\/users\/2"}],"replies":[{"embeddable":true,"href":"https:\/\/www.congres-perpignan.com\/ca\/wp-json\/wp\/v2\/comments?post=8382"}],"version-history":[{"count":2,"href":"https:\/\/www.congres-perpignan.com\/ca\/wp-json\/wp\/v2\/pages\/8382\/revisions"}],"predecessor-version":[{"id":8395,"href":"https:\/\/www.congres-perpignan.com\/ca\/wp-json\/wp\/v2\/pages\/8382\/revisions\/8395"}],"up":[{"embeddable":true,"href":"https:\/\/www.congres-perpignan.com\/ca\/wp-json\/wp\/v2\/pages\/8403"}],"wp:featuredmedia":[{"embeddable":true,"href":"https:\/\/www.congres-perpignan.com\/ca\/wp-json\/wp\/v2\/media\/8206"}],"wp:attachment":[{"href":"https:\/\/www.congres-perpignan.com\/ca\/wp-json\/wp\/v2\/media?parent=8382"}],"curies":[{"name":"wp","href":"https:\/\/api.w.org\/{rel}","templated":true}]}}